{"id":56,"date":"2019-07-28T15:55:48","date_gmt":"2019-07-28T15:55:48","guid":{"rendered":"https:\/\/www.initiumgestion.com\/?page_id=56"},"modified":"2019-08-12T20:31:38","modified_gmt":"2019-08-12T18:31:38","slug":"quienes-somos","status":"publish","type":"page","link":"https:\/\/www.initiumgestion.com\/index.php\/initium-gestion\/quienes-somos\/","title":{"rendered":"Qui\u00e9nes somos"},"content":{"rendered":"\t\t<div data-elementor-type=\"post\" data-elementor-id=\"56\" class=\"elementor elementor-56\" data-elementor-settings=\"[]\">\n\t\t\t<div class=\"elementor-inner\">\n\t\t\t\t<div class=\"elementor-section-wrap\">\n\t\t\t\t\t\t\t<section class=\"elementor-element elementor-element-fb70e3f elementor-section-boxed elementor-section-height-default elementor-section-height-default elementor-section elementor-top-section\" data-id=\"fb70e3f\" data-element_type=\"section\">\n\t\t\t\t\t\t<div class=\"elementor-container elementor-column-gap-default\">\n\t\t\t\t<div class=\"elementor-row\">\n\t\t\t\t<div class=\"elementor-element elementor-element-e3bff65 elementor-column elementor-col-100 elementor-top-column\" data-id=\"e3bff65\" data-element_type=\"column\">\n\t\t\t<div class=\"elementor-column-wrap  elementor-element-populated\">\n\t\t\t\t\t<div class=\"elementor-widget-wrap\">\n\t\t\t\t<div class=\"elementor-element elementor-element-f1cec64 elementor-widget elementor-widget-text-editor\" data-id=\"f1cec64\" data-element_type=\"widget\" data-widget_type=\"text-editor.default\">\n\t\t\t\t<div class=\"elementor-widget-container\">\n\t\t\t\t\t<div class=\"elementor-text-editor elementor-clearfix\"><p><b>Initium Gesti\u00f3n, S.L.<\/b>\u00a0es una empresa espa\u00f1ola de servicios globales,\u00a0 especializada en el Management y la Contrataci\u00f3n de Artistas tanto para todo tipo de eventos como para la generaci\u00f3n y gesti\u00f3n de contenidos on-line.<\/p><p>\u00a0Nuestros servicios para los Artistas incluyen todas las \u00e1reas: Estrategia, Marketing, Booking y Producci\u00f3n de eventos, Gesti\u00f3n Editorial, Branding, Comunicaci\u00f3n y Consultor\u00eda.<\/p><p>Nuestro objetivo es proporcionar a nuestros Clientes exactamente lo que necesitan. Nos hacemos responsables de todo el proceso, desde la contrataci\u00f3n del Artista o Influencer hasta la preparaci\u00f3n y la propia ejecuci\u00f3n de la acci\u00f3n.<\/p><\/div>\n\t\t\t\t<\/div>\n\t\t\t\t<\/div>\n\t\t\t\t\t\t<\/div>\n\t\t\t<\/div>\n\t\t<\/div>\n\t\t\t\t\t\t<\/div>\n\t\t\t<\/div>\n\t\t<\/section>\n\t\t\t\t<section class=\"elementor-element elementor-element-39718c5 elementor-section-boxed elementor-section-height-default elementor-section-height-default elementor-section elementor-top-section\" data-id=\"39718c5\" data-element_type=\"section\">\n\t\t\t\t\t\t<div class=\"elementor-container elementor-column-gap-default\">\n\t\t\t\t<div class=\"elementor-row\">\n\t\t\t\t<div class=\"elementor-element elementor-element-be3c9ae elementor-column elementor-col-100 elementor-top-column\" data-id=\"be3c9ae\" data-element_type=\"column\">\n\t\t\t<div class=\"elementor-column-wrap  elementor-element-populated\">\n\t\t\t\t\t<div class=\"elementor-widget-wrap\">\n\t\t\t\t<div class=\"elementor-element elementor-element-008f0b0 elementor-widget elementor-widget-divider\" data-id=\"008f0b0\" data-element_type=\"widget\" data-widget_type=\"divider.default\">\n\t\t\t\t<div class=\"elementor-widget-container\">\n\t\t\t\t\t<div class=\"elementor-divider\">\n\t\t\t<span class=\"elementor-divider-separator\"><\/span>\n\t\t<\/div>\n\t\t\t\t<\/div>\n\t\t\t\t<\/div>\n\t\t\t\t\t\t<\/div>\n\t\t\t<\/div>\n\t\t<\/div>\n\t\t\t\t\t\t<\/div>\n\t\t\t<\/div>\n\t\t<\/section>\n\t\t\t\t\t\t<\/div>\n\t\t\t<\/div>\n\t\t<\/div>\n\t\t","protected":false},"excerpt":{"rendered":"<p>Initium Gesti\u00f3n, S.L.&nbsp;es una empresa espa\u00f1ola de servicios globales,&nbsp; especializada en el Management y la Contrataci\u00f3n de Artistas tanto para todo tipo de eventos como para la generaci\u00f3n y gesti\u00f3n de contenidos on-line. &nbsp;Nuestros servicios para los Artistas incluyen todas las \u00e1reas: Estrategia, Marketing, Booking y Producci\u00f3n de eventos, Gesti\u00f3n Editorial, Branding, Comunicaci\u00f3n y Consultor\u00eda. [&hellip;]<\/p>\n","protected":false},"author":1,"featured_media":0,"parent":46,"menu_order":0,"comment_status":"closed","ping_status":"closed","template":"","meta":[],"_links":{"self":[{"href":"https:\/\/www.initiumgestion.com\/index.php\/wp-json\/wp\/v2\/pages\/56"}],"collection":[{"href":"https:\/\/www.initiumgestion.com\/index.php\/wp-json\/wp\/v2\/pages"}],"about":[{"href":"https:\/\/www.initiumgestion.com\/index.php\/wp-json\/wp\/v2\/types\/page"}],"author":[{"embeddable":true,"href":"https:\/\/www.initiumgestion.com\/index.php\/wp-json\/wp\/v2\/users\/1"}],"replies":[{"embeddable":true,"href":"https:\/\/www.initiumgestion.com\/index.php\/wp-json\/wp\/v2\/comments?post=56"}],"version-history":[{"count":18,"href":"https:\/\/www.initiumgestion.com\/index.php\/wp-json\/wp\/v2\/pages\/56\/revisions"}],"predecessor-version":[{"id":420,"href":"https:\/\/www.initiumgestion.com\/index.php\/wp-json\/wp\/v2\/pages\/56\/revisions\/420"}],"up":[{"embeddable":true,"href":"https:\/\/www.initiumgestion.com\/index.php\/wp-json\/wp\/v2\/pages\/46"}],"wp:attachment":[{"href":"https:\/\/www.initiumgestion.com\/index.php\/wp-json\/wp\/v2\/media?parent=56"}],"curies":[{"name":"wp","href":"https:\/\/api.w.org\/{rel}","templated":true}]}}