{"id":237,"date":"2019-08-04T22:14:58","date_gmt":"2019-08-04T22:14:58","guid":{"rendered":"https:\/\/www.initiumgestion.com\/?page_id=237"},"modified":"2019-08-06T20:31:59","modified_gmt":"2019-08-06T18:31:59","slug":"politica-de-privacidad","status":"publish","type":"page","link":"https:\/\/www.initiumgestion.com\/index.php\/politica-de-privacidad\/","title":{"rendered":"Pol\u00edtica de Privacidad"},"content":{"rendered":"\t\t<div data-elementor-type=\"post\" data-elementor-id=\"237\" class=\"elementor elementor-237\" data-elementor-settings=\"[]\">\n\t\t\t<div class=\"elementor-inner\">\n\t\t\t\t<div class=\"elementor-section-wrap\">\n\t\t\t\t\t\t\t<section class=\"elementor-element elementor-element-694991a elementor-section-boxed elementor-section-height-default elementor-section-height-default elementor-section elementor-top-section\" data-id=\"694991a\" data-element_type=\"section\">\n\t\t\t\t\t\t<div class=\"elementor-container elementor-column-gap-default\">\n\t\t\t\t<div class=\"elementor-row\">\n\t\t\t\t<div class=\"elementor-element elementor-element-4305337 elementor-column elementor-col-100 elementor-top-column\" data-id=\"4305337\" data-element_type=\"column\">\n\t\t\t<div class=\"elementor-column-wrap  elementor-element-populated\">\n\t\t\t\t\t<div class=\"elementor-widget-wrap\">\n\t\t\t\t<div class=\"elementor-element elementor-element-263ed21 elementor-widget elementor-widget-text-editor\" data-id=\"263ed21\" data-element_type=\"widget\" data-widget_type=\"text-editor.default\">\n\t\t\t\t<div class=\"elementor-widget-container\">\n\t\t\t\t\t<div class=\"elementor-text-editor elementor-clearfix\"><p>El presente sitio web se adapta a la normativa espa\u00f1ola vigente en relaci\u00f3n con la protecci\u00f3n de datos, lo que afecta a los datos personales que se faciliten con consentimiento expreso y a las cookies utilizadas para que el sitio funcione correctamente y pueda desarrollar su actividad.<\/p><p>Concretamente, esta web se ajusta al cumplimiento de las siguientes normativas:<\/p><ul><li>El\u00a0<b>RGPD\u00a0<\/b>(<b>Reglamento (UE) 2016\/679 del Parlamento Europeo y del Consejo de 27 de abril de 2016 relativo a la protecci\u00f3n de las personas f\u00edsicas<\/b>)\u00a0que es la nueva normativa de la Uni\u00f3n Europea que unifica la regulaci\u00f3n del tratamiento de los datos personales en los distintos pa\u00edses de la UE.<\/li><li>La\u00a0<b>LOPD<\/b>\u00a0(<b>Ley Org\u00e1nica 15\/1999, de 13 de diciembre, de Protecci\u00f3n de Datos de Car\u00e1cter Personal<\/b>\u00a0y\u00a0<b>Real Decreto 1720\/2007, de 21 de diciembre, el Reglamento de desarrollo de la LOPD<\/b>) que regula el tratamiento de los datos personales y las obligaciones que debemos asumir los responsables de una web o un blog a la hora de gestionar esta informaci\u00f3n.<\/li><li>La\u00a0<b>LSSI<\/b>\u00a0(<b>Ley 34\/2002, de 11 de julio, de Servicios de la Sociedad de la Informaci\u00f3n y Comercio Electr\u00f3nico<\/b>)\u00a0que regula las transacciones econ\u00f3micas mediante medios electr\u00f3nicos, como es el caso de este blog.<\/li><\/ul><div class=\"banner desktop\" style=\"padding-left: 40px;\"><div class=\"center medium\" style=\"padding-left: 40px;\">\u00a0<\/div><\/div><h4><b>Datos de identificaci\u00f3n<\/b><\/h4><p>El responsable y titular de este sitio web es\u00a0<b>Initium Gesti\u00f3n, S.L.:<\/b><\/p><ul><li><b>Nombre:<\/b> Initium Gesti\u00f3n, S.L.<\/li><li><b>NIF:<\/b> B87322830<\/li><li><b>Domicilio Social:<\/b> c\/ Limonero 20, local D &#8211; 28020 Madrid<\/li><li><b>Correo electr\u00f3nico<\/b>: contacto@initiumgestion.com<\/li><\/ul><p>Los datos que nos sean facilitados, con el debido consentimiento y de acuerdo al uso establecido en esta Pol\u00edtica de Privacidad, podr\u00e1n ser incorporados a un fichero automatizado debidamente inscrito en la <b>Agencia Espa\u00f1ola de Protecci\u00f3n de Datos<\/b>, en el que el responsable de dicho fichero es <b>Initium Gesti\u00f3n, S.L.<\/b>. Esto garantiza que los datos proporcionados est\u00e1n seguros, de acuerdo a lo que establece la ley.<\/p><p>Estos datos se almacenar\u00e1n y tratar\u00e1n con los fines previstos y descritos a continuaci\u00f3n en esta Pol\u00edtica de Privacidad, hasta el momento en que nos sea solicitada su eliminaci\u00f3n<b>.<\/b><\/p><p>Esta Pol\u00edtica de Privacidad puede ser modificada en cualquier momento, con el fin de adaptarla a novedades legislativas o cambios en nuestras actividades, siendo vigente la que en cada momento se encuentre publicada en la web. Dicha modificaci\u00f3n ser\u00e1 notificada antes de su aplicaci\u00f3n.<\/p><h4><b>Condiciones de uso<\/b><\/h4><p>El acceso y utilizaci\u00f3n de esta web y\/o de sus subdominios le atribuye la condici\u00f3n de <strong>usuario<\/strong> e implica el conocimiento y la aceptaci\u00f3n de todas las condiciones incluidas en esta Pol\u00edtica de Privacidad.<\/p><p>Debe saber, para su tranquilidad, que siempre le solicitaremos su consentimiento expreso para recabar tus datos con la correspondiente finalidad especificada en cada caso, lo que implica que, en caso de otorgar ese consentimiento, ha le\u00eddo y aceptado esta Pol\u00edtica de Privacidad<b>.<\/b><\/p><p>En el momento en que usted accede y utiliza esta web asume su condici\u00f3n de usuario con sus correspondientes derechos y obligaciones.<\/p><div class=\"banner desktop\"><div class=\"center medium\">Los menores de 13 a\u00f1os necesitar\u00e1n el consentimiento de sus padres o tutores para el tratamiento de tus datos personales.<\/div><\/div><h4><b>Registro y finalidad de los datos registrados<\/b><\/h4><p>En funci\u00f3n del formulario o secci\u00f3n a la que acceda, le solicitaremos exclusivamente los datos necesarios con las finalidades descritas a continuaci\u00f3n. En todo momento, deber\u00e1 dar su consentimiento expreso, cuando se le solicite informaci\u00f3n personal con las siguientes finalidades:<\/p><ul><li>Las finalidades concretas que particularmente se indiquen en cada una de las p\u00e1ginas o secciones donde aparezca el formulario de registro o contacto electr\u00f3nico.<\/li><li>Con car\u00e1cter general, para atender sus solicitudes, comentarios, consultas o cualquier tipo de petici\u00f3n que realice como usuario a trav\u00e9s de cualquiera de las formas de contacto que ponemos a su disposici\u00f3n<\/li><li>Para informarle sobre consultas, peticiones, actividades, productos, novedades y\/o servicios; v\u00eda e-mail, fax, Whatsapp, Skype, tel\u00e9fono proporcionado, sms y mms.<\/li><li>Para enviarle comunicaciones comerciales o publicitarias a trav\u00e9s de cualquier otro medio electr\u00f3nico o f\u00edsico, que posibilite realizar comunicaciones.<\/li><\/ul><p>Estas comunicaciones, siempre ser\u00e1n relacionadas con nuestros productos, servicios, novedades o promociones, as\u00ed como aquellos productos o servicios que podamos considerar de su inter\u00e9s y que puedan ofrecer colaboradores, empresas o \u201cpartners\u201d con los que mantengamos acuerdos de promoci\u00f3n o colaboraci\u00f3n comercial.<\/p><p>De ser as\u00ed, le garantizamos que estos terceros nunca tendr\u00e1n acceso a sus datos personales, siendo en todo caso estas comunicaciones realizadas por parte de Initium Gesti\u00f3n, S.L,, como titular de la web.<\/p><h4><b>Exactitud y veracidad de los datos<\/b><\/h4><p>Como usuario, usted es el \u00fanico responsable de la veracidad y modificaci\u00f3n de los datos que remita a <b>Initium Gesti\u00f3n, S.L.<\/b>, exonerando a esta compa\u00f1\u00eda de cualquier responsabilidad al respecto.<\/p><p>Es decir, al\u00a0<strong>usuario<\/strong> corresponde garantizar y responder en cualquier caso de la exactitud, vigencia y autenticidad de los datos personales facilitados y se compromete a mantenerlos debidamente actualizados.<\/p><p>De acuerdo a lo expresado en esta Pol\u00edtica de Privacidad, el usuario acepta proporcionar informaci\u00f3n completa y correcta en el formulario de contacto o suscripci\u00f3n.<\/p><h4><b>Bajas de suscripci\u00f3n y Derecho de revocaci\u00f3n<\/b><\/h4><div class=\"banner desktop\"><div class=\"center medium\">Como titular de los datos que nos haya facilitado, podr\u00e1 ejercer en cualquier momento sus derechos de acceso, rectificaci\u00f3n, cancelaci\u00f3n y oposici\u00f3n, envi\u00e1ndonos un correo electr\u00f3nico a<b> contacto@initiumgestion.com <\/b>con su solicitud y adjuntando una imagen PDF de tu documento de identidad como prueba v\u00e1lida.<\/div><\/div><p>Igualmente, podr\u00e1 darse de baja en cualquier momento para dejar de recibir nuestra newsletter o cualquier otra comunicaci\u00f3n comercial, directamente desde el mismo email que haya recibido o envi\u00e1ndonos un correo a <b>contacto@initiumgestion.com<\/b><b>.<\/b><\/p><h4><b>Acceso a datos por cuenta de Terceros<\/b><\/h4><p>Para poder prestar servicios estrictamente necesarios para el funcionamiento y desarrollo de las actividades de este sitio web, le informamos de que compartimos datos con los siguientes prestadores de servicio bajo sus correspondientes condiciones de privacidad (estos terceros no podr\u00e1n utilizar dicha informaci\u00f3n para ning\u00fan otro fin que no est\u00e9 regulado espec\u00edficamente en nuestras relaciones con ellos en virtud de la normativa aplicable en materia de protecci\u00f3n de datos de car\u00e1cter personal):<\/p><ul><li>Este sitio web est\u00e1 alojado en\u00a0<b>https:\/\/sered.net\/<\/b>, con marca comercial\u00a0<b>Sered Hosting Profesional<\/b>, que proporciona los servicios de hosting para que puedas acceder y navegar por nuestro sitio. Puedes consultar la pol\u00edtica de privacidad y dem\u00e1s aspectos legales de esta empresa en el siguiente enlace:\u00a0<b>https:\/\/sered.net\/politica-de-privacidad.<\/b><\/li><\/ul><p>Nuestra web utiliza servidores publicitarios con el fin de facilitar los contenidos comerciales que visualizas en nuestras p\u00e1ginas. Dichos servidores publicitarios utilizan cookies que le permiten adaptar los contenidos publicitarios a los perfiles demogr\u00e1ficos de los usuarios:<\/p><ul><li><b>Google Analytics: <\/b>Google Analytics es un servicio anal\u00edtico de web prestado por Google, Inc., una compa\u00f1\u00eda de Delaware cuya oficina principal est\u00e1 en 1600 Amphitheatre Parkway, Mountain View (California), CA 94043, Estados Unidos (\u201cGoogle\u201d). Google Analytics utiliza \u201ccookies\u201d para ayudar al website a analizar el uso que hacen los usuarios del sitio web. La informaci\u00f3n que genera la cookie acerca de su uso del website (incluyendo tu direcci\u00f3n IP) ser\u00e1 directamente transmitida y archivada por Google. Google usar\u00e1 esta informaci\u00f3n por cuenta nuestra con el prop\u00f3sito de seguir la pista de su uso del website, recopilando informes de la actividad del website y prestando otros servicios relacionados con la actividad del website y el uso de Internet. Google podr\u00e1 transmitir dicha informaci\u00f3n a terceros cuando as\u00ed se lo requiera la legislaci\u00f3n, o cuando dichos terceros procesen la informaci\u00f3n por cuenta de Google. Google no asociar\u00e1 su direcci\u00f3n IP con ning\u00fan otro dato del que disponga. Como usuario, y en ejercicio de sus derechos, puede rechazar el tratamiento de los datos o la informaci\u00f3n rechazando el uso de cookies mediante la selecci\u00f3n de la configuraci\u00f3n apropiada de su navegador; sin embargo, debe saber que si lo hace puede que no pueda usar la plena funcionabilidad de este sitio web. Al utilizar esta web, de acuerdo a la informaci\u00f3n facilitada en esta Pol\u00edtica de Privacidad, acepta el tratamiento de datos por parte de Google en la forma y para los fines indicados. Para m\u00e1s informaci\u00f3n, puede consultar la pol\u00edtica de privacidad de Google en<a href=\"https:\/\/www.google.com\/intl\/es\/policies\/privacy\/\"> https:\/\/www.google.com\/intl\/es\/policies\/privacy\/<\/a>.<\/li><\/ul><h4><b>Medidas de seguridad<\/b><\/h4><p>Como titular de la web<b>, Initium Gesti\u00f3n, S.L. <\/b>ha adoptado todas las medidas t\u00e9cnicas y de organizaci\u00f3n necesaria para garantizar la seguridad e integridad de los datos de car\u00e1cter personal que trate, as\u00ed como para evitar su p\u00e9rdida, alteraci\u00f3n y\/o acceso por parte de terceros no autorizados.\u00a0<\/p><p>Le recordamos que, para m\u00e1s informaci\u00f3n, puede consultar nuestras p\u00e1ginas de <a href=\"https:\/\/www.initiumgestion.com\/index.php\/aviso-legal\/\">Aviso Legal<\/a>\u00a0y\u00a0<a href=\"https:\/\/www.initiumgestion.com\/index.php\/politica-de-cookies\/\">Pol\u00edtica de cookies<\/a>.<b>\u00a0<\/b><\/p><\/div>\n\t\t\t\t<\/div>\n\t\t\t\t<\/div>\n\t\t\t\t\t\t<\/div>\n\t\t\t<\/div>\n\t\t<\/div>\n\t\t\t\t\t\t<\/div>\n\t\t\t<\/div>\n\t\t<\/section>\n\t\t\t\t<section class=\"elementor-element elementor-element-fae3972 elementor-section-boxed elementor-section-height-default elementor-section-height-default elementor-section elementor-top-section\" data-id=\"fae3972\" data-element_type=\"section\">\n\t\t\t\t\t\t<div class=\"elementor-container elementor-column-gap-default\">\n\t\t\t\t<div class=\"elementor-row\">\n\t\t\t\t<div class=\"elementor-element elementor-element-b84accc elementor-column elementor-col-100 elementor-top-column\" data-id=\"b84accc\" data-element_type=\"column\">\n\t\t\t<div class=\"elementor-column-wrap  elementor-element-populated\">\n\t\t\t\t\t<div class=\"elementor-widget-wrap\">\n\t\t\t\t<div class=\"elementor-element elementor-element-1b4a7ab elementor-widget elementor-widget-divider\" data-id=\"1b4a7ab\" data-element_type=\"widget\" data-widget_type=\"divider.default\">\n\t\t\t\t<div class=\"elementor-widget-container\">\n\t\t\t\t\t<div class=\"elementor-divider\">\n\t\t\t<span class=\"elementor-divider-separator\"><\/span>\n\t\t<\/div>\n\t\t\t\t<\/div>\n\t\t\t\t<\/div>\n\t\t\t\t\t\t<\/div>\n\t\t\t<\/div>\n\t\t<\/div>\n\t\t\t\t\t\t<\/div>\n\t\t\t<\/div>\n\t\t<\/section>\n\t\t\t\t\t\t<\/div>\n\t\t\t<\/div>\n\t\t<\/div>\n\t\t","protected":false},"excerpt":{"rendered":"<p>El presente sitio web se adapta a la normativa espa\u00f1ola vigente en relaci\u00f3n con la protecci\u00f3n de datos, lo que afecta a los datos personales que se faciliten con consentimiento expreso y a las cookies utilizadas para que el sitio funcione correctamente y pueda desarrollar su actividad. Concretamente, esta web se ajusta al cumplimiento de [&hellip;]<\/p>\n","protected":false},"author":1,"featured_media":0,"parent":0,"menu_order":0,"comment_status":"closed","ping_status":"closed","template":"","meta":[],"_links":{"self":[{"href":"https:\/\/www.initiumgestion.com\/index.php\/wp-json\/wp\/v2\/pages\/237"}],"collection":[{"href":"https:\/\/www.initiumgestion.com\/index.php\/wp-json\/wp\/v2\/pages"}],"about":[{"href":"https:\/\/www.initiumgestion.com\/index.php\/wp-json\/wp\/v2\/types\/page"}],"author":[{"embeddable":true,"href":"https:\/\/www.initiumgestion.com\/index.php\/wp-json\/wp\/v2\/users\/1"}],"replies":[{"embeddable":true,"href":"https:\/\/www.initiumgestion.com\/index.php\/wp-json\/wp\/v2\/comments?post=237"}],"version-history":[{"count":6,"href":"https:\/\/www.initiumgestion.com\/index.php\/wp-json\/wp\/v2\/pages\/237\/revisions"}],"predecessor-version":[{"id":359,"href":"https:\/\/www.initiumgestion.com\/index.php\/wp-json\/wp\/v2\/pages\/237\/revisions\/359"}],"wp:attachment":[{"href":"https:\/\/www.initiumgestion.com\/index.php\/wp-json\/wp\/v2\/media?parent=237"}],"curies":[{"name":"wp","href":"https:\/\/api.w.org\/{rel}","templated":true}]}}