{"id":231,"date":"2019-08-04T21:57:48","date_gmt":"2019-08-04T21:57:48","guid":{"rendered":"https:\/\/www.initiumgestion.com\/?page_id=231"},"modified":"2019-08-06T20:28:54","modified_gmt":"2019-08-06T18:28:54","slug":"politica-de-cookies","status":"publish","type":"page","link":"https:\/\/www.initiumgestion.com\/index.php\/politica-de-cookies\/","title":{"rendered":"Pol\u00edtica de cookies"},"content":{"rendered":"\t\t<div data-elementor-type=\"post\" data-elementor-id=\"231\" class=\"elementor elementor-231\" data-elementor-settings=\"[]\">\n\t\t\t<div class=\"elementor-inner\">\n\t\t\t\t<div class=\"elementor-section-wrap\">\n\t\t\t\t\t\t\t<section class=\"elementor-element elementor-element-8b608d8 elementor-section-boxed elementor-section-height-default elementor-section-height-default elementor-section elementor-top-section\" data-id=\"8b608d8\" data-element_type=\"section\">\n\t\t\t\t\t\t<div class=\"elementor-container elementor-column-gap-default\">\n\t\t\t\t<div class=\"elementor-row\">\n\t\t\t\t<div class=\"elementor-element elementor-element-78aeb04 elementor-column elementor-col-100 elementor-top-column\" data-id=\"78aeb04\" data-element_type=\"column\">\n\t\t\t<div class=\"elementor-column-wrap  elementor-element-populated\">\n\t\t\t\t\t<div class=\"elementor-widget-wrap\">\n\t\t\t\t<div class=\"elementor-element elementor-element-afc10ab elementor-widget elementor-widget-text-editor\" data-id=\"afc10ab\" data-element_type=\"widget\" data-widget_type=\"text-editor.default\">\n\t\t\t\t<div class=\"elementor-widget-container\">\n\t\t\t\t\t<div class=\"elementor-text-editor elementor-clearfix\"><p>En cumplimiento con lo dispuesto en el art\u00edculo 22.2 de la Ley 34\/2002, de 11 de julio, de Servicios de la Sociedad de la Informaci\u00f3n y de Comercio Electr\u00f3nico, esta p\u00e1gina web le informa, en esta secci\u00f3n, sobre la\u00a0<strong>pol\u00edtica de recogida y tratamiento de cookies<\/strong>.<\/p><h4>\u00bfQu\u00e9 son las cookies?<\/h4><p>Una cookie es un fichero que se descarga en su ordenador al\u00a0acceder a determinadas p\u00e1ginas web. Las cookies permiten a una p\u00e1gina web,\u00a0entre otras cosas, almacenar y recuperar informaci\u00f3n sobre los h\u00e1bitos de\u00a0navegaci\u00f3n de un usuario o de su equipo y, dependiendo de la informaci\u00f3n que\u00a0contengan y de la forma en que utilice su equipo, pueden utilizarse para\u00a0reconocer al usuario.\u00a0<\/p><h4>\u00bfQu\u00e9 tipos de cookies utiliza esta p\u00e1gina web?<\/h4><p>Esta p\u00e1gina web puede utilizar los siguientes tipos de cookies:<\/p><ul><li><strong>Cookies de an\u00e1lisis<\/strong>: Son aqu\u00e9llas que bien tratadas por nosotros o por\u00a0terceros, nos permiten cuantificar el n\u00famero de usuarios y as\u00ed realizar la\u00a0medici\u00f3n y an\u00e1lisis estad\u00edstico de la utilizaci\u00f3n que hacen los usuarios del\u00a0servicio ofertado. Para ello se analiza su navegaci\u00f3n en nuestra p\u00e1gina web\u00a0con el fin de mejorar la oferta de productos o servicios que le ofrecemos.<\/li><li><strong>Cookies de personalizaci\u00f3n<\/strong>: Son aquellas que permiten al usuario acceder al servicio con algunas caracter\u00edsticas de car\u00e1cter general predefinidas en funci\u00f3n de una serie de criterios en el terminal del usuario como por ejemplo serian el idioma o el tipo de navegador a trav\u00e9s del cual se conecta al servicio.<\/li><\/ul><h4>Desactivar las cookies<\/h4><p>Puede usted\u00a0<strong>permitir, bloquear o eliminar las cookies<\/strong>\u00a0instaladas en su equipo\u00a0mediante la configuraci\u00f3n de las opciones del navegador instalado en su\u00a0ordenador.<\/p><p>En la mayor\u00eda de los navegadores web se ofrece la posibilidad de permitir, bloquear o eliminar las cookies instaladas en su equipo.<\/p><p>A continuaci\u00f3n puede acceder a la configuraci\u00f3n de los navegadores webs m\u00e1s frecuentes para aceptar, instalar o desactivar las cookies:<\/p><ul><li><a href=\"https:\/\/support.google.com\/chrome\/answer\/95647?hl=es\" target=\"_blank\" rel=\"noopener\">Configurar cookies en Google Chrome<\/a><\/li><li><a href=\"http:\/\/windows.microsoft.com\/es-es\/windows7\/how-to-manage-cookies-in-internet-explorer-9\" target=\"_blank\" rel=\"noopener\">Configurar cookies en Microsoft Internet Explorer<\/a><\/li><li><a href=\"https:\/\/support.mozilla.org\/es\/kb\/habilitar-y-deshabilitar-cookies-sitios-web-rastrear-preferencias?redirectlocale=es&amp;redirectslug=habilitar-y-deshabilitar-cookies-que-los-sitios-we\" target=\"_blank\" rel=\"noopener\">Configurar cookies en Mozilla Firefox<\/a><\/li><li><a href=\"https:\/\/support.apple.com\/es-es\/HT201265\" target=\"_blank\" rel=\"noopener\">Configurar cookies en Safari (Apple)<\/a><\/li><\/ul><h4>Cookies de terceros<\/h4><p>Esta p\u00e1gina web utiliza servicios de terceros para recopilar informaci\u00f3n con fines estad\u00edsticos y de uso de la web.\u00a0<\/p><p>En concreto, usamos los servicios de Google Analytics para nuestras estad\u00edsticas.<\/p><h4>Advertencia sobre eliminar cookies<\/h4><p>Usted puede eliminar y bloquear todas las cookies de este sitio, pero parte del sitio no funcionar\u00e1 o la calidad de la p\u00e1gina web puede verse afectada.<\/p><p>Si tiene cualquier duda acerca de\u00a0nuestra pol\u00edtica de cookies, puede contactar con esta p\u00e1gina web a trav\u00e9s de nuestros canales de Contacto.<\/p><\/div>\n\t\t\t\t<\/div>\n\t\t\t\t<\/div>\n\t\t\t\t\t\t<\/div>\n\t\t\t<\/div>\n\t\t<\/div>\n\t\t\t\t\t\t<\/div>\n\t\t\t<\/div>\n\t\t<\/section>\n\t\t\t\t<section class=\"elementor-element elementor-element-1a3a047 elementor-section-boxed elementor-section-height-default elementor-section-height-default elementor-section elementor-top-section\" data-id=\"1a3a047\" data-element_type=\"section\">\n\t\t\t\t\t\t<div class=\"elementor-container elementor-column-gap-default\">\n\t\t\t\t<div class=\"elementor-row\">\n\t\t\t\t<div class=\"elementor-element elementor-element-b18ab92 elementor-column elementor-col-100 elementor-top-column\" data-id=\"b18ab92\" data-element_type=\"column\">\n\t\t\t<div class=\"elementor-column-wrap  elementor-element-populated\">\n\t\t\t\t\t<div class=\"elementor-widget-wrap\">\n\t\t\t\t<div class=\"elementor-element elementor-element-2934150 elementor-widget elementor-widget-divider\" data-id=\"2934150\" data-element_type=\"widget\" data-widget_type=\"divider.default\">\n\t\t\t\t<div class=\"elementor-widget-container\">\n\t\t\t\t\t<div class=\"elementor-divider\">\n\t\t\t<span class=\"elementor-divider-separator\"><\/span>\n\t\t<\/div>\n\t\t\t\t<\/div>\n\t\t\t\t<\/div>\n\t\t\t\t\t\t<\/div>\n\t\t\t<\/div>\n\t\t<\/div>\n\t\t\t\t\t\t<\/div>\n\t\t\t<\/div>\n\t\t<\/section>\n\t\t\t\t\t\t<\/div>\n\t\t\t<\/div>\n\t\t<\/div>\n\t\t","protected":false},"excerpt":{"rendered":"<p>En cumplimiento con lo dispuesto en el art\u00edculo 22.2 de la Ley 34\/2002, de 11 de julio, de Servicios de la Sociedad de la Informaci\u00f3n y de Comercio Electr\u00f3nico, esta p\u00e1gina web le informa, en esta secci\u00f3n, sobre la\u00a0pol\u00edtica de recogida y tratamiento de cookies. \u00bfQu\u00e9 son las cookies? Una cookie es un fichero que [&hellip;]<\/p>\n","protected":false},"author":1,"featured_media":0,"parent":0,"menu_order":0,"comment_status":"closed","ping_status":"closed","template":"","meta":[],"_links":{"self":[{"href":"https:\/\/www.initiumgestion.com\/index.php\/wp-json\/wp\/v2\/pages\/231"}],"collection":[{"href":"https:\/\/www.initiumgestion.com\/index.php\/wp-json\/wp\/v2\/pages"}],"about":[{"href":"https:\/\/www.initiumgestion.com\/index.php\/wp-json\/wp\/v2\/types\/page"}],"author":[{"embeddable":true,"href":"https:\/\/www.initiumgestion.com\/index.php\/wp-json\/wp\/v2\/users\/1"}],"replies":[{"embeddable":true,"href":"https:\/\/www.initiumgestion.com\/index.php\/wp-json\/wp\/v2\/comments?post=231"}],"version-history":[{"count":9,"href":"https:\/\/www.initiumgestion.com\/index.php\/wp-json\/wp\/v2\/pages\/231\/revisions"}],"predecessor-version":[{"id":357,"href":"https:\/\/www.initiumgestion.com\/index.php\/wp-json\/wp\/v2\/pages\/231\/revisions\/357"}],"wp:attachment":[{"href":"https:\/\/www.initiumgestion.com\/index.php\/wp-json\/wp\/v2\/media?parent=231"}],"curies":[{"name":"wp","href":"https:\/\/api.w.org\/{rel}","templated":true}]}}